{"id":294707,"date":"2025-01-30T11:57:02","date_gmt":"2025-01-30T11:57:02","guid":{"rendered":"https:\/\/notisnot.com\/?post_type=product&#038;p=294707"},"modified":"2026-02-17T17:13:12","modified_gmt":"2026-02-17T17:13:12","slug":"camiseta-de-punto-pique-con-cuello-de-pico-de-hombre","status":"publish","type":"product","link":"http:\/\/notisnot.com\/es\/tienda\/ropa-laboral\/industria\/samarretes-industria\/camisetas\/camiseta-de-punto-pique-con-cuello-de-pico-de-hombre\/","title":{"rendered":"Camiseta t\u00e8cnica de punto piqu\u00e9 con cuello de pico de hombre"},"content":{"rendered":"<p><img loading=\"lazy\" decoding=\"async\" class=\"alignnone size-medium wp-image-294708\" src=\"https:\/\/notisnot.com\/wp-content\/uploads\/2025\/01\/Captura-de-pantalla-2025-01-30-125104-303x379.png\" alt=\"\" width=\"303\" height=\"379\" srcset=\"http:\/\/notisnot.com\/wp-content\/uploads\/2025\/01\/Captura-de-pantalla-2025-01-30-125104-303x379.png 303w, http:\/\/notisnot.com\/wp-content\/uploads\/2025\/01\/Captura-de-pantalla-2025-01-30-125104-505x632.png 505w, http:\/\/notisnot.com\/wp-content\/uploads\/2025\/01\/Captura-de-pantalla-2025-01-30-125104-768x961.png 768w, http:\/\/notisnot.com\/wp-content\/uploads\/2025\/01\/Captura-de-pantalla-2025-01-30-125104-10x12.png 10w, http:\/\/notisnot.com\/wp-content\/uploads\/2025\/01\/Captura-de-pantalla-2025-01-30-125104-16x20.png 16w, http:\/\/notisnot.com\/wp-content\/uploads\/2025\/01\/Captura-de-pantalla-2025-01-30-125104-600x751.png 600w, http:\/\/notisnot.com\/wp-content\/uploads\/2025\/01\/Captura-de-pantalla-2025-01-30-125104-91x114.png 91w, http:\/\/notisnot.com\/wp-content\/uploads\/2025\/01\/Captura-de-pantalla-2025-01-30-125104.png 784w\" sizes=\"(max-width: 303px) 100vw, 303px\" \/> <img loading=\"lazy\" decoding=\"async\" class=\"alignnone size-medium wp-image-294709\" src=\"https:\/\/notisnot.com\/wp-content\/uploads\/2025\/01\/Captura-de-pantalla-2025-01-30-125112-303x369.png\" alt=\"\" width=\"303\" height=\"369\" srcset=\"http:\/\/notisnot.com\/wp-content\/uploads\/2025\/01\/Captura-de-pantalla-2025-01-30-125112-303x369.png 303w, http:\/\/notisnot.com\/wp-content\/uploads\/2025\/01\/Captura-de-pantalla-2025-01-30-125112-505x615.png 505w, http:\/\/notisnot.com\/wp-content\/uploads\/2025\/01\/Captura-de-pantalla-2025-01-30-125112-768x935.png 768w, http:\/\/notisnot.com\/wp-content\/uploads\/2025\/01\/Captura-de-pantalla-2025-01-30-125112-10x12.png 10w, http:\/\/notisnot.com\/wp-content\/uploads\/2025\/01\/Captura-de-pantalla-2025-01-30-125112-16x20.png 16w, http:\/\/notisnot.com\/wp-content\/uploads\/2025\/01\/Captura-de-pantalla-2025-01-30-125112-600x731.png 600w, http:\/\/notisnot.com\/wp-content\/uploads\/2025\/01\/Captura-de-pantalla-2025-01-30-125112-91x111.png 91w, http:\/\/notisnot.com\/wp-content\/uploads\/2025\/01\/Captura-de-pantalla-2025-01-30-125112.png 786w\" sizes=\"(max-width: 303px) 100vw, 303px\" \/> <img loading=\"lazy\" decoding=\"async\" class=\"alignnone size-medium wp-image-294710\" src=\"https:\/\/notisnot.com\/wp-content\/uploads\/2025\/01\/Captura-de-pantalla-2025-01-30-125126-303x374.png\" alt=\"\" width=\"303\" height=\"374\" srcset=\"http:\/\/notisnot.com\/wp-content\/uploads\/2025\/01\/Captura-de-pantalla-2025-01-30-125126-303x374.png 303w, http:\/\/notisnot.com\/wp-content\/uploads\/2025\/01\/Captura-de-pantalla-2025-01-30-125126-505x623.png 505w, http:\/\/notisnot.com\/wp-content\/uploads\/2025\/01\/Captura-de-pantalla-2025-01-30-125126-768x948.png 768w, http:\/\/notisnot.com\/wp-content\/uploads\/2025\/01\/Captura-de-pantalla-2025-01-30-125126-10x12.png 10w, http:\/\/notisnot.com\/wp-content\/uploads\/2025\/01\/Captura-de-pantalla-2025-01-30-125126-16x20.png 16w, http:\/\/notisnot.com\/wp-content\/uploads\/2025\/01\/Captura-de-pantalla-2025-01-30-125126-600x741.png 600w, http:\/\/notisnot.com\/wp-content\/uploads\/2025\/01\/Captura-de-pantalla-2025-01-30-125126-91x112.png 91w, http:\/\/notisnot.com\/wp-content\/uploads\/2025\/01\/Captura-de-pantalla-2025-01-30-125126.png 794w\" sizes=\"(max-width: 303px) 100vw, 303px\" \/> <img loading=\"lazy\" decoding=\"async\" class=\"alignnone size-medium wp-image-294711\" src=\"https:\/\/notisnot.com\/wp-content\/uploads\/2025\/01\/Captura-de-pantalla-2025-01-30-125134-303x368.png\" alt=\"\" width=\"303\" height=\"368\" srcset=\"http:\/\/notisnot.com\/wp-content\/uploads\/2025\/01\/Captura-de-pantalla-2025-01-30-125134-303x368.png 303w, http:\/\/notisnot.com\/wp-content\/uploads\/2025\/01\/Captura-de-pantalla-2025-01-30-125134-505x613.png 505w, http:\/\/notisnot.com\/wp-content\/uploads\/2025\/01\/Captura-de-pantalla-2025-01-30-125134-768x932.png 768w, http:\/\/notisnot.com\/wp-content\/uploads\/2025\/01\/Captura-de-pantalla-2025-01-30-125134-10x12.png 10w, http:\/\/notisnot.com\/wp-content\/uploads\/2025\/01\/Captura-de-pantalla-2025-01-30-125134-16x20.png 16w, http:\/\/notisnot.com\/wp-content\/uploads\/2025\/01\/Captura-de-pantalla-2025-01-30-125134-600x728.png 600w, http:\/\/notisnot.com\/wp-content\/uploads\/2025\/01\/Captura-de-pantalla-2025-01-30-125134-91x110.png 91w, http:\/\/notisnot.com\/wp-content\/uploads\/2025\/01\/Captura-de-pantalla-2025-01-30-125134.png 812w\" sizes=\"(max-width: 303px) 100vw, 303px\" \/> <img loading=\"lazy\" decoding=\"async\" class=\"alignnone size-medium wp-image-294712\" src=\"https:\/\/notisnot.com\/wp-content\/uploads\/2025\/01\/Captura-de-pantalla-2025-01-30-125142-303x350.png\" alt=\"\" width=\"303\" height=\"350\" srcset=\"http:\/\/notisnot.com\/wp-content\/uploads\/2025\/01\/Captura-de-pantalla-2025-01-30-125142-303x350.png 303w, http:\/\/notisnot.com\/wp-content\/uploads\/2025\/01\/Captura-de-pantalla-2025-01-30-125142-505x583.png 505w, http:\/\/notisnot.com\/wp-content\/uploads\/2025\/01\/Captura-de-pantalla-2025-01-30-125142-768x886.png 768w, http:\/\/notisnot.com\/wp-content\/uploads\/2025\/01\/Captura-de-pantalla-2025-01-30-125142-10x12.png 10w, http:\/\/notisnot.com\/wp-content\/uploads\/2025\/01\/Captura-de-pantalla-2025-01-30-125142-17x20.png 17w, http:\/\/notisnot.com\/wp-content\/uploads\/2025\/01\/Captura-de-pantalla-2025-01-30-125142-600x692.png 600w, http:\/\/notisnot.com\/wp-content\/uploads\/2025\/01\/Captura-de-pantalla-2025-01-30-125142-91x105.png 91w, http:\/\/notisnot.com\/wp-content\/uploads\/2025\/01\/Captura-de-pantalla-2025-01-30-125142.png 839w\" sizes=\"(max-width: 303px) 100vw, 303px\" \/> <img loading=\"lazy\" decoding=\"async\" class=\"alignnone size-medium wp-image-294713\" src=\"https:\/\/notisnot.com\/wp-content\/uploads\/2025\/01\/Captura-de-pantalla-2025-01-30-125149-303x361.png\" alt=\"\" width=\"303\" height=\"361\" srcset=\"http:\/\/notisnot.com\/wp-content\/uploads\/2025\/01\/Captura-de-pantalla-2025-01-30-125149-303x361.png 303w, http:\/\/notisnot.com\/wp-content\/uploads\/2025\/01\/Captura-de-pantalla-2025-01-30-125149-505x601.png 505w, http:\/\/notisnot.com\/wp-content\/uploads\/2025\/01\/Captura-de-pantalla-2025-01-30-125149-768x914.png 768w, http:\/\/notisnot.com\/wp-content\/uploads\/2025\/01\/Captura-de-pantalla-2025-01-30-125149-10x12.png 10w, http:\/\/notisnot.com\/wp-content\/uploads\/2025\/01\/Captura-de-pantalla-2025-01-30-125149-17x20.png 17w, http:\/\/notisnot.com\/wp-content\/uploads\/2025\/01\/Captura-de-pantalla-2025-01-30-125149-600x714.png 600w, http:\/\/notisnot.com\/wp-content\/uploads\/2025\/01\/Captura-de-pantalla-2025-01-30-125149-91x108.png 91w, http:\/\/notisnot.com\/wp-content\/uploads\/2025\/01\/Captura-de-pantalla-2025-01-30-125149.png 842w\" sizes=\"(max-width: 303px) 100vw, 303px\" \/><\/p>","protected":false},"excerpt":{"rendered":"<ul class=\"product-sales-pitch\">\n<li>Todo un cl\u00e1sico chic del vestuario masculino.<\/li>\n<li>Rayas a contraste de canal\u00e9 en el cuello y el bajo de las mangas.<\/li>\n<li>Confecci\u00f3n en punto piqu\u00e9 de algod\u00f3n peinado.<\/li>\n<li>100\u00a0% algod\u00f3n peinado piqu\u00e9 (Oxford Grey : 90 % algod\u00f3n \/ 10\u00a0% viscosa). Acabados de canal\u00e9 con rayas contrastadas en el cuello y bajo de mangas. Tira cubrecosturas en cuello y aberturas laterales contrastadas. Acabado con doble pespunte en el bajo de la prenda.<\/li>\n<\/ul>","protected":false},"featured_media":294713,"comment_status":"open","ping_status":"closed","template":"","meta":{"_acf_changed":false},"product_cat":[351],"product_tag":[],"class_list":{"0":"post-294707","1":"product","2":"type-product","3":"status-publish","4":"has-post-thumbnail","6":"product_cat-camisetas","7":"pa_color-azul-marino-gris-claro-blanco","8":"pa_color-azul-marino-rojo-blanco","9":"pa_color-blanco-azul-marino-rojo","10":"pa_color-negro-gris-claro-blanco","11":"pa_color-oxford-gris-azul-marino-blanco","12":"pa_color-rojo-azul-marino-blanco","13":"pa_tallaropa-xs","14":"pa_tallaropa-s","15":"pa_tallaropa-m","16":"pa_tallaropa-l","17":"pa_tallaropa-xl","18":"pa_tallaropa-xxl","19":"pa_tallaropa-3xl","21":"first","22":"instock","23":"taxable","24":"shipping-taxable","25":"purchasable","26":"product-type-variable"},"acf":[],"yoast_head":"<!-- This site is optimized with the Yoast SEO plugin v23.4 - https:\/\/yoast.com\/wordpress\/plugins\/seo\/ -->\n<title>Camiseta t\u00e8cnica de punto piqu\u00e9 con cuello de pico de hombre - NOT IS NOT<\/title>\n<meta name=\"robots\" content=\"index, follow, max-snippet:-1, max-image-preview:large, max-video-preview:-1\" \/>\n<link rel=\"canonical\" href=\"http:\/\/notisnot.com\/es\/tienda\/ropa-laboral\/industria\/samarretes-industria\/camisetas\/camiseta-de-punto-pique-con-cuello-de-pico-de-hombre\/\" \/>\n<meta property=\"og:locale\" content=\"es_ES\" \/>\n<meta property=\"og:type\" content=\"article\" \/>\n<meta property=\"og:title\" content=\"Camiseta t\u00e8cnica de punto piqu\u00e9 con cuello de pico de hombre - NOT IS NOT\" \/>\n<meta property=\"og:description\" content=\"Todo un cl\u00e1sico chic del vestuario masculino.  Rayas a contraste de canal\u00e9 en el cuello y el bajo de las mangas.  Confecci\u00f3n en punto piqu\u00e9 de algod\u00f3n peinado.  100\u00a0% algod\u00f3n peinado piqu\u00e9 (Oxford Grey : 90 % algod\u00f3n \/ 10\u00a0% viscosa). Acabados de canal\u00e9 con rayas contrastadas en el cuello y bajo de mangas. Tira cubrecosturas en cuello y aberturas laterales contrastadas. Acabado con doble pespunte en el bajo de la prenda.\" \/>\n<meta property=\"og:url\" content=\"http:\/\/notisnot.com\/es\/tienda\/ropa-laboral\/industria\/samarretes-industria\/camisetas\/camiseta-de-punto-pique-con-cuello-de-pico-de-hombre\/\" \/>\n<meta property=\"og:site_name\" content=\"NOT IS NOT\" \/>\n<meta property=\"article:publisher\" content=\"https:\/\/www.facebook.com\/notisnotofficial\/\" \/>\n<meta property=\"article:modified_time\" content=\"2026-02-17T17:13:12+00:00\" \/>\n<meta property=\"og:image\" content=\"http:\/\/notisnot.com\/wp-content\/uploads\/2025\/01\/Captura-de-pantalla-2025-01-30-125149.png\" \/>\n\t<meta property=\"og:image:width\" content=\"842\" \/>\n\t<meta property=\"og:image:height\" content=\"1002\" \/>\n\t<meta property=\"og:image:type\" content=\"image\/png\" \/>\n<meta name=\"twitter:card\" content=\"summary_large_image\" \/>\n<meta name=\"twitter:label1\" content=\"Tiempo de lectura\" \/>\n\t<meta name=\"twitter:data1\" content=\"2 minutos\" \/>\n<script type=\"application\/ld+json\" class=\"yoast-schema-graph\">{\"@context\":\"https:\/\/schema.org\",\"@graph\":[{\"@type\":\"WebPage\",\"@id\":\"http:\/\/notisnot.com\/tienda\/ropa-laboral\/industria\/samarretes-industria\/camisetas\/camiseta-de-punto-pique-con-cuello-de-pico-de-hombre\/\",\"url\":\"http:\/\/notisnot.com\/tienda\/ropa-laboral\/industria\/samarretes-industria\/camisetas\/camiseta-de-punto-pique-con-cuello-de-pico-de-hombre\/\",\"name\":\"Camiseta t\u00e8cnica de punto piqu\u00e9 con cuello de pico de hombre - NOT IS NOT\",\"isPartOf\":{\"@id\":\"https:\/\/notisnot.com\/#website\"},\"primaryImageOfPage\":{\"@id\":\"http:\/\/notisnot.com\/tienda\/ropa-laboral\/industria\/samarretes-industria\/camisetas\/camiseta-de-punto-pique-con-cuello-de-pico-de-hombre\/#primaryimage\"},\"image\":{\"@id\":\"http:\/\/notisnot.com\/tienda\/ropa-laboral\/industria\/samarretes-industria\/camisetas\/camiseta-de-punto-pique-con-cuello-de-pico-de-hombre\/#primaryimage\"},\"thumbnailUrl\":\"http:\/\/notisnot.com\/wp-content\/uploads\/2025\/01\/Captura-de-pantalla-2025-01-30-125149.png\",\"datePublished\":\"2025-01-30T11:57:02+00:00\",\"dateModified\":\"2026-02-17T17:13:12+00:00\",\"breadcrumb\":{\"@id\":\"http:\/\/notisnot.com\/tienda\/ropa-laboral\/industria\/samarretes-industria\/camisetas\/camiseta-de-punto-pique-con-cuello-de-pico-de-hombre\/#breadcrumb\"},\"inLanguage\":\"es\",\"potentialAction\":[{\"@type\":\"ReadAction\",\"target\":[\"http:\/\/notisnot.com\/tienda\/ropa-laboral\/industria\/samarretes-industria\/camisetas\/camiseta-de-punto-pique-con-cuello-de-pico-de-hombre\/\"]}]},{\"@type\":\"ImageObject\",\"inLanguage\":\"es\",\"@id\":\"http:\/\/notisnot.com\/tienda\/ropa-laboral\/industria\/samarretes-industria\/camisetas\/camiseta-de-punto-pique-con-cuello-de-pico-de-hombre\/#primaryimage\",\"url\":\"http:\/\/notisnot.com\/wp-content\/uploads\/2025\/01\/Captura-de-pantalla-2025-01-30-125149.png\",\"contentUrl\":\"http:\/\/notisnot.com\/wp-content\/uploads\/2025\/01\/Captura-de-pantalla-2025-01-30-125149.png\",\"width\":842,\"height\":1002},{\"@type\":\"BreadcrumbList\",\"@id\":\"http:\/\/notisnot.com\/tienda\/ropa-laboral\/industria\/samarretes-industria\/camisetas\/camiseta-de-punto-pique-con-cuello-de-pico-de-hombre\/#breadcrumb\",\"itemListElement\":[{\"@type\":\"ListItem\",\"position\":1,\"name\":\"Home\",\"item\":\"https:\/\/notisnot.com\/\"},{\"@type\":\"ListItem\",\"position\":2,\"name\":\"Tienda\",\"item\":\"https:\/\/notisnot.com\/tienda-woocomerce\/\"},{\"@type\":\"ListItem\",\"position\":3,\"name\":\"Camiseta t\u00e8cnica de punto piqu\u00e9 con cuello de pico de hombre\"}]},{\"@type\":\"WebSite\",\"@id\":\"https:\/\/notisnot.com\/#website\",\"url\":\"https:\/\/notisnot.com\/\",\"name\":\"NOT IS NOT\",\"description\":\"\",\"potentialAction\":[{\"@type\":\"SearchAction\",\"target\":{\"@type\":\"EntryPoint\",\"urlTemplate\":\"https:\/\/notisnot.com\/?s={search_term_string}\"},\"query-input\":{\"@type\":\"PropertyValueSpecification\",\"valueRequired\":true,\"valueName\":\"search_term_string\"}}],\"inLanguage\":\"es\"}]}<\/script>\n<!-- \/ Yoast SEO plugin. -->","yoast_head_json":{"title":"Camiseta t\u00e8cnica de punto piqu\u00e9 con cuello de pico de hombre - NOT IS NOT","robots":{"index":"index","follow":"follow","max-snippet":"max-snippet:-1","max-image-preview":"max-image-preview:large","max-video-preview":"max-video-preview:-1"},"canonical":"http:\/\/notisnot.com\/es\/tienda\/ropa-laboral\/industria\/samarretes-industria\/camisetas\/camiseta-de-punto-pique-con-cuello-de-pico-de-hombre\/","og_locale":"es_ES","og_type":"article","og_title":"Camiseta t\u00e8cnica de punto piqu\u00e9 con cuello de pico de hombre - NOT IS NOT","og_description":"Todo un cl\u00e1sico chic del vestuario masculino.  Rayas a contraste de canal\u00e9 en el cuello y el bajo de las mangas.  Confecci\u00f3n en punto piqu\u00e9 de algod\u00f3n peinado.  100\u00a0% algod\u00f3n peinado piqu\u00e9 (Oxford Grey : 90 % algod\u00f3n \/ 10\u00a0% viscosa). Acabados de canal\u00e9 con rayas contrastadas en el cuello y bajo de mangas. Tira cubrecosturas en cuello y aberturas laterales contrastadas. Acabado con doble pespunte en el bajo de la prenda.","og_url":"http:\/\/notisnot.com\/es\/tienda\/ropa-laboral\/industria\/samarretes-industria\/camisetas\/camiseta-de-punto-pique-con-cuello-de-pico-de-hombre\/","og_site_name":"NOT IS NOT","article_publisher":"https:\/\/www.facebook.com\/notisnotofficial\/","article_modified_time":"2026-02-17T17:13:12+00:00","og_image":[{"width":842,"height":1002,"url":"http:\/\/notisnot.com\/wp-content\/uploads\/2025\/01\/Captura-de-pantalla-2025-01-30-125149.png","type":"image\/png"}],"twitter_card":"summary_large_image","twitter_misc":{"Tiempo de lectura":"2 minutos"},"schema":{"@context":"https:\/\/schema.org","@graph":[{"@type":"WebPage","@id":"http:\/\/notisnot.com\/tienda\/ropa-laboral\/industria\/samarretes-industria\/camisetas\/camiseta-de-punto-pique-con-cuello-de-pico-de-hombre\/","url":"http:\/\/notisnot.com\/tienda\/ropa-laboral\/industria\/samarretes-industria\/camisetas\/camiseta-de-punto-pique-con-cuello-de-pico-de-hombre\/","name":"Camiseta t\u00e8cnica de punto piqu\u00e9 con cuello de pico de hombre - NOT IS NOT","isPartOf":{"@id":"https:\/\/notisnot.com\/#website"},"primaryImageOfPage":{"@id":"http:\/\/notisnot.com\/tienda\/ropa-laboral\/industria\/samarretes-industria\/camisetas\/camiseta-de-punto-pique-con-cuello-de-pico-de-hombre\/#primaryimage"},"image":{"@id":"http:\/\/notisnot.com\/tienda\/ropa-laboral\/industria\/samarretes-industria\/camisetas\/camiseta-de-punto-pique-con-cuello-de-pico-de-hombre\/#primaryimage"},"thumbnailUrl":"http:\/\/notisnot.com\/wp-content\/uploads\/2025\/01\/Captura-de-pantalla-2025-01-30-125149.png","datePublished":"2025-01-30T11:57:02+00:00","dateModified":"2026-02-17T17:13:12+00:00","breadcrumb":{"@id":"http:\/\/notisnot.com\/tienda\/ropa-laboral\/industria\/samarretes-industria\/camisetas\/camiseta-de-punto-pique-con-cuello-de-pico-de-hombre\/#breadcrumb"},"inLanguage":"es","potentialAction":[{"@type":"ReadAction","target":["http:\/\/notisnot.com\/tienda\/ropa-laboral\/industria\/samarretes-industria\/camisetas\/camiseta-de-punto-pique-con-cuello-de-pico-de-hombre\/"]}]},{"@type":"ImageObject","inLanguage":"es","@id":"http:\/\/notisnot.com\/tienda\/ropa-laboral\/industria\/samarretes-industria\/camisetas\/camiseta-de-punto-pique-con-cuello-de-pico-de-hombre\/#primaryimage","url":"http:\/\/notisnot.com\/wp-content\/uploads\/2025\/01\/Captura-de-pantalla-2025-01-30-125149.png","contentUrl":"http:\/\/notisnot.com\/wp-content\/uploads\/2025\/01\/Captura-de-pantalla-2025-01-30-125149.png","width":842,"height":1002},{"@type":"BreadcrumbList","@id":"http:\/\/notisnot.com\/tienda\/ropa-laboral\/industria\/samarretes-industria\/camisetas\/camiseta-de-punto-pique-con-cuello-de-pico-de-hombre\/#breadcrumb","itemListElement":[{"@type":"ListItem","position":1,"name":"Home","item":"https:\/\/notisnot.com\/"},{"@type":"ListItem","position":2,"name":"Tienda","item":"https:\/\/notisnot.com\/tienda-woocomerce\/"},{"@type":"ListItem","position":3,"name":"Camiseta t\u00e8cnica de punto piqu\u00e9 con cuello de pico de hombre"}]},{"@type":"WebSite","@id":"https:\/\/notisnot.com\/#website","url":"https:\/\/notisnot.com\/","name":"NOT IS NOT","description":"","potentialAction":[{"@type":"SearchAction","target":{"@type":"EntryPoint","urlTemplate":"https:\/\/notisnot.com\/?s={search_term_string}"},"query-input":{"@type":"PropertyValueSpecification","valueRequired":true,"valueName":"search_term_string"}}],"inLanguage":"es"}]}},"_links":{"self":[{"href":"http:\/\/notisnot.com\/es\/wp-json\/wp\/v2\/product\/294707"}],"collection":[{"href":"http:\/\/notisnot.com\/es\/wp-json\/wp\/v2\/product"}],"about":[{"href":"http:\/\/notisnot.com\/es\/wp-json\/wp\/v2\/types\/product"}],"replies":[{"embeddable":true,"href":"http:\/\/notisnot.com\/es\/wp-json\/wp\/v2\/comments?post=294707"}],"wp:featuredmedia":[{"embeddable":true,"href":"http:\/\/notisnot.com\/es\/wp-json\/wp\/v2\/media\/294713"}],"wp:attachment":[{"href":"http:\/\/notisnot.com\/es\/wp-json\/wp\/v2\/media?parent=294707"}],"wp:term":[{"taxonomy":"product_cat","embeddable":true,"href":"http:\/\/notisnot.com\/es\/wp-json\/wp\/v2\/product_cat?post=294707"},{"taxonomy":"product_tag","embeddable":true,"href":"http:\/\/notisnot.com\/es\/wp-json\/wp\/v2\/product_tag?post=294707"}],"curies":[{"name":"wp","href":"https:\/\/api.w.org\/{rel}","templated":true}]}}