{"id":294499,"date":"2025-01-30T11:16:09","date_gmt":"2025-01-30T11:16:09","guid":{"rendered":"https:\/\/notisnot.com\/?post_type=product&#038;p=294499"},"modified":"2026-02-16T12:15:17","modified_gmt":"2026-02-16T12:15:17","slug":"camiseta-day-to-day-mujer","status":"publish","type":"product","link":"http:\/\/notisnot.com\/es\/tienda\/ropa-laboral\/industria\/samarretes-industria\/camisetas\/camiseta-day-to-day-mujer\/","title":{"rendered":"Camiseta t\u00e8cnica  Day To Day mujer"},"content":{"rendered":"<p><img loading=\"lazy\" decoding=\"async\" class=\"alignnone size-medium wp-image-294500\" src=\"https:\/\/notisnot.com\/wp-content\/uploads\/2025\/01\/Captura-de-pantalla-2025-01-30-120633-303x342.png\" alt=\"\" width=\"303\" height=\"342\" srcset=\"http:\/\/notisnot.com\/wp-content\/uploads\/2025\/01\/Captura-de-pantalla-2025-01-30-120633-303x342.png 303w, http:\/\/notisnot.com\/wp-content\/uploads\/2025\/01\/Captura-de-pantalla-2025-01-30-120633-505x570.png 505w, http:\/\/notisnot.com\/wp-content\/uploads\/2025\/01\/Captura-de-pantalla-2025-01-30-120633-768x868.png 768w, http:\/\/notisnot.com\/wp-content\/uploads\/2025\/01\/Captura-de-pantalla-2025-01-30-120633-11x12.png 11w, http:\/\/notisnot.com\/wp-content\/uploads\/2025\/01\/Captura-de-pantalla-2025-01-30-120633-18x20.png 18w, http:\/\/notisnot.com\/wp-content\/uploads\/2025\/01\/Captura-de-pantalla-2025-01-30-120633-600x678.png 600w, http:\/\/notisnot.com\/wp-content\/uploads\/2025\/01\/Captura-de-pantalla-2025-01-30-120633-91x103.png 91w, http:\/\/notisnot.com\/wp-content\/uploads\/2025\/01\/Captura-de-pantalla-2025-01-30-120633.png 841w\" sizes=\"(max-width: 303px) 100vw, 303px\" \/> <img loading=\"lazy\" decoding=\"async\" class=\"alignnone size-medium wp-image-294501\" src=\"https:\/\/notisnot.com\/wp-content\/uploads\/2025\/01\/Captura-de-pantalla-2025-01-30-120731-303x326.png\" alt=\"\" width=\"303\" height=\"326\" srcset=\"http:\/\/notisnot.com\/wp-content\/uploads\/2025\/01\/Captura-de-pantalla-2025-01-30-120731-303x326.png 303w, http:\/\/notisnot.com\/wp-content\/uploads\/2025\/01\/Captura-de-pantalla-2025-01-30-120731-505x543.png 505w, http:\/\/notisnot.com\/wp-content\/uploads\/2025\/01\/Captura-de-pantalla-2025-01-30-120731-768x826.png 768w, http:\/\/notisnot.com\/wp-content\/uploads\/2025\/01\/Captura-de-pantalla-2025-01-30-120731-11x12.png 11w, http:\/\/notisnot.com\/wp-content\/uploads\/2025\/01\/Captura-de-pantalla-2025-01-30-120731-600x645.png 600w, http:\/\/notisnot.com\/wp-content\/uploads\/2025\/01\/Captura-de-pantalla-2025-01-30-120731-91x98.png 91w, http:\/\/notisnot.com\/wp-content\/uploads\/2025\/01\/Captura-de-pantalla-2025-01-30-120731.png 903w\" sizes=\"(max-width: 303px) 100vw, 303px\" \/> <img loading=\"lazy\" decoding=\"async\" class=\"alignnone size-medium wp-image-294502\" src=\"https:\/\/notisnot.com\/wp-content\/uploads\/2025\/01\/Captura-de-pantalla-2025-01-30-120742-303x405.png\" alt=\"\" width=\"303\" height=\"405\" srcset=\"http:\/\/notisnot.com\/wp-content\/uploads\/2025\/01\/Captura-de-pantalla-2025-01-30-120742-303x405.png 303w, http:\/\/notisnot.com\/wp-content\/uploads\/2025\/01\/Captura-de-pantalla-2025-01-30-120742-505x676.png 505w, http:\/\/notisnot.com\/wp-content\/uploads\/2025\/01\/Captura-de-pantalla-2025-01-30-120742-9x12.png 9w, http:\/\/notisnot.com\/wp-content\/uploads\/2025\/01\/Captura-de-pantalla-2025-01-30-120742-15x20.png 15w, http:\/\/notisnot.com\/wp-content\/uploads\/2025\/01\/Captura-de-pantalla-2025-01-30-120742-600x803.png 600w, http:\/\/notisnot.com\/wp-content\/uploads\/2025\/01\/Captura-de-pantalla-2025-01-30-120742-91x122.png 91w, http:\/\/notisnot.com\/wp-content\/uploads\/2025\/01\/Captura-de-pantalla-2025-01-30-120742.png 743w\" sizes=\"(max-width: 303px) 100vw, 303px\" \/> <img loading=\"lazy\" decoding=\"async\" class=\"alignnone size-medium wp-image-294503\" src=\"https:\/\/notisnot.com\/wp-content\/uploads\/2025\/01\/Captura-de-pantalla-2025-01-30-120751-303x392.png\" alt=\"\" width=\"303\" height=\"392\" srcset=\"http:\/\/notisnot.com\/wp-content\/uploads\/2025\/01\/Captura-de-pantalla-2025-01-30-120751-303x392.png 303w, http:\/\/notisnot.com\/wp-content\/uploads\/2025\/01\/Captura-de-pantalla-2025-01-30-120751-505x654.png 505w, http:\/\/notisnot.com\/wp-content\/uploads\/2025\/01\/Captura-de-pantalla-2025-01-30-120751-9x12.png 9w, http:\/\/notisnot.com\/wp-content\/uploads\/2025\/01\/Captura-de-pantalla-2025-01-30-120751-15x20.png 15w, http:\/\/notisnot.com\/wp-content\/uploads\/2025\/01\/Captura-de-pantalla-2025-01-30-120751-600x777.png 600w, http:\/\/notisnot.com\/wp-content\/uploads\/2025\/01\/Captura-de-pantalla-2025-01-30-120751-91x118.png 91w, http:\/\/notisnot.com\/wp-content\/uploads\/2025\/01\/Captura-de-pantalla-2025-01-30-120751.png 739w\" sizes=\"(max-width: 303px) 100vw, 303px\" \/> <img loading=\"lazy\" decoding=\"async\" class=\"alignnone size-medium wp-image-294504\" src=\"https:\/\/notisnot.com\/wp-content\/uploads\/2025\/01\/Captura-de-pantalla-2025-01-30-120758-303x379.png\" alt=\"\" width=\"303\" height=\"379\" srcset=\"http:\/\/notisnot.com\/wp-content\/uploads\/2025\/01\/Captura-de-pantalla-2025-01-30-120758-303x379.png 303w, http:\/\/notisnot.com\/wp-content\/uploads\/2025\/01\/Captura-de-pantalla-2025-01-30-120758-505x631.png 505w, http:\/\/notisnot.com\/wp-content\/uploads\/2025\/01\/Captura-de-pantalla-2025-01-30-120758-768x960.png 768w, http:\/\/notisnot.com\/wp-content\/uploads\/2025\/01\/Captura-de-pantalla-2025-01-30-120758-10x12.png 10w, http:\/\/notisnot.com\/wp-content\/uploads\/2025\/01\/Captura-de-pantalla-2025-01-30-120758-16x20.png 16w, http:\/\/notisnot.com\/wp-content\/uploads\/2025\/01\/Captura-de-pantalla-2025-01-30-120758-600x750.png 600w, http:\/\/notisnot.com\/wp-content\/uploads\/2025\/01\/Captura-de-pantalla-2025-01-30-120758-91x114.png 91w, http:\/\/notisnot.com\/wp-content\/uploads\/2025\/01\/Captura-de-pantalla-2025-01-30-120758.png 771w\" sizes=\"(max-width: 303px) 100vw, 303px\" \/> <img loading=\"lazy\" decoding=\"async\" class=\"alignnone size-medium wp-image-294505\" src=\"https:\/\/notisnot.com\/wp-content\/uploads\/2025\/01\/Captura-de-pantalla-2025-01-30-120809-303x438.png\" alt=\"\" width=\"303\" height=\"438\" srcset=\"http:\/\/notisnot.com\/wp-content\/uploads\/2025\/01\/Captura-de-pantalla-2025-01-30-120809-303x438.png 303w, http:\/\/notisnot.com\/wp-content\/uploads\/2025\/01\/Captura-de-pantalla-2025-01-30-120809-505x730.png 505w, http:\/\/notisnot.com\/wp-content\/uploads\/2025\/01\/Captura-de-pantalla-2025-01-30-120809-8x12.png 8w, http:\/\/notisnot.com\/wp-content\/uploads\/2025\/01\/Captura-de-pantalla-2025-01-30-120809-14x20.png 14w, http:\/\/notisnot.com\/wp-content\/uploads\/2025\/01\/Captura-de-pantalla-2025-01-30-120809-600x867.png 600w, http:\/\/notisnot.com\/wp-content\/uploads\/2025\/01\/Captura-de-pantalla-2025-01-30-120809-91x132.png 91w, http:\/\/notisnot.com\/wp-content\/uploads\/2025\/01\/Captura-de-pantalla-2025-01-30-120809.png 655w\" sizes=\"(max-width: 303px) 100vw, 303px\" \/> <img loading=\"lazy\" decoding=\"async\" class=\"alignnone size-medium wp-image-294506\" src=\"https:\/\/notisnot.com\/wp-content\/uploads\/2025\/01\/Captura-de-pantalla-2025-01-30-120820-303x401.png\" alt=\"\" width=\"303\" height=\"401\" srcset=\"http:\/\/notisnot.com\/wp-content\/uploads\/2025\/01\/Captura-de-pantalla-2025-01-30-120820-303x401.png 303w, http:\/\/notisnot.com\/wp-content\/uploads\/2025\/01\/Captura-de-pantalla-2025-01-30-120820-505x669.png 505w, http:\/\/notisnot.com\/wp-content\/uploads\/2025\/01\/Captura-de-pantalla-2025-01-30-120820-9x12.png 9w, http:\/\/notisnot.com\/wp-content\/uploads\/2025\/01\/Captura-de-pantalla-2025-01-30-120820-15x20.png 15w, http:\/\/notisnot.com\/wp-content\/uploads\/2025\/01\/Captura-de-pantalla-2025-01-30-120820-600x795.png 600w, http:\/\/notisnot.com\/wp-content\/uploads\/2025\/01\/Captura-de-pantalla-2025-01-30-120820-91x121.png 91w, http:\/\/notisnot.com\/wp-content\/uploads\/2025\/01\/Captura-de-pantalla-2025-01-30-120820.png 712w\" sizes=\"(max-width: 303px) 100vw, 303px\" \/> <img loading=\"lazy\" decoding=\"async\" class=\"alignnone size-medium wp-image-294507\" src=\"https:\/\/notisnot.com\/wp-content\/uploads\/2025\/01\/Captura-de-pantalla-2025-01-30-120829-303x438.png\" alt=\"\" width=\"303\" height=\"438\" srcset=\"http:\/\/notisnot.com\/wp-content\/uploads\/2025\/01\/Captura-de-pantalla-2025-01-30-120829-303x438.png 303w, http:\/\/notisnot.com\/wp-content\/uploads\/2025\/01\/Captura-de-pantalla-2025-01-30-120829-505x731.png 505w, http:\/\/notisnot.com\/wp-content\/uploads\/2025\/01\/Captura-de-pantalla-2025-01-30-120829-8x12.png 8w, http:\/\/notisnot.com\/wp-content\/uploads\/2025\/01\/Captura-de-pantalla-2025-01-30-120829-14x20.png 14w, http:\/\/notisnot.com\/wp-content\/uploads\/2025\/01\/Captura-de-pantalla-2025-01-30-120829-600x868.png 600w, http:\/\/notisnot.com\/wp-content\/uploads\/2025\/01\/Captura-de-pantalla-2025-01-30-120829-91x132.png 91w, http:\/\/notisnot.com\/wp-content\/uploads\/2025\/01\/Captura-de-pantalla-2025-01-30-120829.png 658w\" sizes=\"(max-width: 303px) 100vw, 303px\" \/> <img loading=\"lazy\" decoding=\"async\" class=\"alignnone size-medium wp-image-294508\" src=\"https:\/\/notisnot.com\/wp-content\/uploads\/2025\/01\/Captura-de-pantalla-2025-01-30-120837-303x390.png\" alt=\"\" width=\"303\" height=\"390\" srcset=\"http:\/\/notisnot.com\/wp-content\/uploads\/2025\/01\/Captura-de-pantalla-2025-01-30-120837-303x390.png 303w, http:\/\/notisnot.com\/wp-content\/uploads\/2025\/01\/Captura-de-pantalla-2025-01-30-120837-91x117.png 91w, http:\/\/notisnot.com\/wp-content\/uploads\/2025\/01\/Captura-de-pantalla-2025-01-30-120837-600x773.png 600w, http:\/\/notisnot.com\/wp-content\/uploads\/2025\/01\/Captura-de-pantalla-2025-01-30-120837-505x650.png 505w, http:\/\/notisnot.com\/wp-content\/uploads\/2025\/01\/Captura-de-pantalla-2025-01-30-120837-9x12.png 9w, http:\/\/notisnot.com\/wp-content\/uploads\/2025\/01\/Captura-de-pantalla-2025-01-30-120837.png 730w\" sizes=\"(max-width: 303px) 100vw, 303px\" \/> <img loading=\"lazy\" decoding=\"async\" class=\"alignnone size-medium wp-image-294509\" src=\"https:\/\/notisnot.com\/wp-content\/uploads\/2025\/01\/Captura-de-pantalla-2025-01-30-120846-303x400.png\" alt=\"\" width=\"303\" height=\"400\" srcset=\"http:\/\/notisnot.com\/wp-content\/uploads\/2025\/01\/Captura-de-pantalla-2025-01-30-120846-303x400.png 303w, http:\/\/notisnot.com\/wp-content\/uploads\/2025\/01\/Captura-de-pantalla-2025-01-30-120846-505x667.png 505w, http:\/\/notisnot.com\/wp-content\/uploads\/2025\/01\/Captura-de-pantalla-2025-01-30-120846-9x12.png 9w, http:\/\/notisnot.com\/wp-content\/uploads\/2025\/01\/Captura-de-pantalla-2025-01-30-120846-15x20.png 15w, http:\/\/notisnot.com\/wp-content\/uploads\/2025\/01\/Captura-de-pantalla-2025-01-30-120846-600x792.png 600w, http:\/\/notisnot.com\/wp-content\/uploads\/2025\/01\/Captura-de-pantalla-2025-01-30-120846-91x120.png 91w, http:\/\/notisnot.com\/wp-content\/uploads\/2025\/01\/Captura-de-pantalla-2025-01-30-120846.png 712w\" sizes=\"(max-width: 303px) 100vw, 303px\" \/> <img loading=\"lazy\" decoding=\"async\" class=\"alignnone size-medium wp-image-294510\" src=\"https:\/\/notisnot.com\/wp-content\/uploads\/2025\/01\/Captura-de-pantalla-2025-01-30-120855-303x382.png\" alt=\"\" width=\"303\" height=\"382\" srcset=\"http:\/\/notisnot.com\/wp-content\/uploads\/2025\/01\/Captura-de-pantalla-2025-01-30-120855-303x382.png 303w, http:\/\/notisnot.com\/wp-content\/uploads\/2025\/01\/Captura-de-pantalla-2025-01-30-120855-505x637.png 505w, http:\/\/notisnot.com\/wp-content\/uploads\/2025\/01\/Captura-de-pantalla-2025-01-30-120855-10x12.png 10w, http:\/\/notisnot.com\/wp-content\/uploads\/2025\/01\/Captura-de-pantalla-2025-01-30-120855-16x20.png 16w, http:\/\/notisnot.com\/wp-content\/uploads\/2025\/01\/Captura-de-pantalla-2025-01-30-120855-600x757.png 600w, http:\/\/notisnot.com\/wp-content\/uploads\/2025\/01\/Captura-de-pantalla-2025-01-30-120855-91x115.png 91w, http:\/\/notisnot.com\/wp-content\/uploads\/2025\/01\/Captura-de-pantalla-2025-01-30-120855.png 753w\" sizes=\"(max-width: 303px) 100vw, 303px\" \/> <img loading=\"lazy\" decoding=\"async\" class=\"alignnone size-medium wp-image-294511\" src=\"https:\/\/notisnot.com\/wp-content\/uploads\/2025\/01\/Captura-de-pantalla-2025-01-30-120904-303x428.png\" alt=\"\" width=\"303\" height=\"428\" srcset=\"http:\/\/notisnot.com\/wp-content\/uploads\/2025\/01\/Captura-de-pantalla-2025-01-30-120904-303x428.png 303w, http:\/\/notisnot.com\/wp-content\/uploads\/2025\/01\/Captura-de-pantalla-2025-01-30-120904-505x713.png 505w, http:\/\/notisnot.com\/wp-content\/uploads\/2025\/01\/Captura-de-pantalla-2025-01-30-120904-9x12.png 9w, http:\/\/notisnot.com\/wp-content\/uploads\/2025\/01\/Captura-de-pantalla-2025-01-30-120904-14x20.png 14w, http:\/\/notisnot.com\/wp-content\/uploads\/2025\/01\/Captura-de-pantalla-2025-01-30-120904-600x847.png 600w, http:\/\/notisnot.com\/wp-content\/uploads\/2025\/01\/Captura-de-pantalla-2025-01-30-120904-91x128.png 91w, http:\/\/notisnot.com\/wp-content\/uploads\/2025\/01\/Captura-de-pantalla-2025-01-30-120904.png 671w\" sizes=\"(max-width: 303px) 100vw, 303px\" \/><\/p>","protected":false},"excerpt":{"rendered":"<ul class=\"product-sales-pitch\">\n<li>Ultrarresistente y lavable a 60\u00b0C.<\/li>\n<li>Colecci\u00f3n Day To Day : ropa profesional para el d\u00eda a d\u00eda.<\/li>\n<li>Ribetes a contraste en hombros y bajo de las mangas. Uniformes de trabajo completos y colores para combinar.<\/li>\n<\/ul>","protected":false},"featured_media":294511,"comment_status":"open","ping_status":"closed","template":"","meta":{"_acf_changed":false},"product_cat":[351],"product_tag":[],"class_list":{"0":"post-294499","1":"product","2":"type-product","3":"status-publish","4":"has-post-thumbnail","6":"product_cat-camisetas","7":"pa_color-azul-marino-azul-real-claro","8":"pa_color-azul-marino-naranja-fluorescente","9":"pa_color-azul-marino-plata","10":"pa_color-blanca-azul-marino","11":"pa_color-camello-negro","12":"pa_color-navy-fluorescent-yellow","13":"pa_color-negro-naranja","14":"pa_color-negro-plata","15":"pa_color-negro-verde-kelly","16":"pa_color-negro-amarillo","17":"pa_color-negro-rojo","18":"pa_color-oxford-gris-negro","19":"pa_tallaropa-xs","20":"pa_tallaropa-s","21":"pa_tallaropa-m","22":"pa_tallaropa-l","23":"pa_tallaropa-xl","24":"pa_tallaropa-xxl","25":"pa_tallaropa-3xl","27":"first","28":"instock","29":"taxable","30":"shipping-taxable","31":"purchasable","32":"product-type-variable"},"acf":[],"yoast_head":"<!-- This site is optimized with the Yoast SEO plugin v23.4 - https:\/\/yoast.com\/wordpress\/plugins\/seo\/ -->\n<title>Camiseta t\u00e8cnica Day To Day mujer - NOT IS NOT<\/title>\n<meta name=\"robots\" content=\"index, follow, max-snippet:-1, max-image-preview:large, max-video-preview:-1\" \/>\n<link rel=\"canonical\" href=\"http:\/\/notisnot.com\/es\/tienda\/ropa-laboral\/industria\/samarretes-industria\/camisetas\/camiseta-day-to-day-mujer\/\" \/>\n<meta property=\"og:locale\" content=\"es_ES\" \/>\n<meta property=\"og:type\" content=\"article\" \/>\n<meta property=\"og:title\" content=\"Camiseta t\u00e8cnica Day To Day mujer - NOT IS NOT\" \/>\n<meta property=\"og:description\" content=\"Ultrarresistente y lavable a 60\u00b0C.  Colecci\u00f3n Day To Day : ropa profesional para el d\u00eda a d\u00eda.  Ribetes a contraste en hombros y bajo de las mangas. Uniformes de trabajo completos y colores para combinar.\" \/>\n<meta property=\"og:url\" content=\"http:\/\/notisnot.com\/es\/tienda\/ropa-laboral\/industria\/samarretes-industria\/camisetas\/camiseta-day-to-day-mujer\/\" \/>\n<meta property=\"og:site_name\" content=\"NOT IS NOT\" \/>\n<meta property=\"article:publisher\" content=\"https:\/\/www.facebook.com\/notisnotofficial\/\" \/>\n<meta property=\"article:modified_time\" content=\"2026-02-16T12:15:17+00:00\" \/>\n<meta property=\"og:image\" content=\"http:\/\/notisnot.com\/wp-content\/uploads\/2025\/01\/Captura-de-pantalla-2025-01-30-120904.png\" \/>\n\t<meta property=\"og:image:width\" content=\"671\" \/>\n\t<meta property=\"og:image:height\" content=\"947\" \/>\n\t<meta property=\"og:image:type\" content=\"image\/png\" \/>\n<meta name=\"twitter:card\" content=\"summary_large_image\" \/>\n<meta name=\"twitter:label1\" content=\"Tiempo de lectura\" \/>\n\t<meta name=\"twitter:data1\" content=\"3 minutos\" \/>\n<script type=\"application\/ld+json\" class=\"yoast-schema-graph\">{\"@context\":\"https:\/\/schema.org\",\"@graph\":[{\"@type\":\"WebPage\",\"@id\":\"http:\/\/notisnot.com\/es\/tienda\/ropa-laboral\/industria\/samarretes-industria\/camisetas\/camiseta-day-to-day-mujer\/\",\"url\":\"http:\/\/notisnot.com\/es\/tienda\/ropa-laboral\/industria\/samarretes-industria\/camisetas\/camiseta-day-to-day-mujer\/\",\"name\":\"Camiseta t\u00e8cnica Day To Day mujer - NOT IS NOT\",\"isPartOf\":{\"@id\":\"https:\/\/notisnot.com\/#website\"},\"primaryImageOfPage\":{\"@id\":\"http:\/\/notisnot.com\/es\/tienda\/ropa-laboral\/industria\/samarretes-industria\/camisetas\/camiseta-day-to-day-mujer\/#primaryimage\"},\"image\":{\"@id\":\"http:\/\/notisnot.com\/es\/tienda\/ropa-laboral\/industria\/samarretes-industria\/camisetas\/camiseta-day-to-day-mujer\/#primaryimage\"},\"thumbnailUrl\":\"http:\/\/notisnot.com\/wp-content\/uploads\/2025\/01\/Captura-de-pantalla-2025-01-30-120904.png\",\"datePublished\":\"2025-01-30T11:16:09+00:00\",\"dateModified\":\"2026-02-16T12:15:17+00:00\",\"breadcrumb\":{\"@id\":\"http:\/\/notisnot.com\/es\/tienda\/ropa-laboral\/industria\/samarretes-industria\/camisetas\/camiseta-day-to-day-mujer\/#breadcrumb\"},\"inLanguage\":\"es\",\"potentialAction\":[{\"@type\":\"ReadAction\",\"target\":[\"http:\/\/notisnot.com\/es\/tienda\/ropa-laboral\/industria\/samarretes-industria\/camisetas\/camiseta-day-to-day-mujer\/\"]}]},{\"@type\":\"ImageObject\",\"inLanguage\":\"es\",\"@id\":\"http:\/\/notisnot.com\/es\/tienda\/ropa-laboral\/industria\/samarretes-industria\/camisetas\/camiseta-day-to-day-mujer\/#primaryimage\",\"url\":\"http:\/\/notisnot.com\/wp-content\/uploads\/2025\/01\/Captura-de-pantalla-2025-01-30-120904.png\",\"contentUrl\":\"http:\/\/notisnot.com\/wp-content\/uploads\/2025\/01\/Captura-de-pantalla-2025-01-30-120904.png\",\"width\":671,\"height\":947},{\"@type\":\"BreadcrumbList\",\"@id\":\"http:\/\/notisnot.com\/es\/tienda\/ropa-laboral\/industria\/samarretes-industria\/camisetas\/camiseta-day-to-day-mujer\/#breadcrumb\",\"itemListElement\":[{\"@type\":\"ListItem\",\"position\":1,\"name\":\"Home\",\"item\":\"https:\/\/notisnot.com\/\"},{\"@type\":\"ListItem\",\"position\":2,\"name\":\"Tienda\",\"item\":\"https:\/\/notisnot.com\/tienda-woocomerce\/\"},{\"@type\":\"ListItem\",\"position\":3,\"name\":\"Camiseta t\u00e8cnica Day To Day mujer\"}]},{\"@type\":\"WebSite\",\"@id\":\"https:\/\/notisnot.com\/#website\",\"url\":\"https:\/\/notisnot.com\/\",\"name\":\"NOT IS NOT\",\"description\":\"\",\"potentialAction\":[{\"@type\":\"SearchAction\",\"target\":{\"@type\":\"EntryPoint\",\"urlTemplate\":\"https:\/\/notisnot.com\/?s={search_term_string}\"},\"query-input\":{\"@type\":\"PropertyValueSpecification\",\"valueRequired\":true,\"valueName\":\"search_term_string\"}}],\"inLanguage\":\"es\"}]}<\/script>\n<!-- \/ Yoast SEO plugin. -->","yoast_head_json":{"title":"Camiseta t\u00e8cnica Day To Day mujer - NOT IS NOT","robots":{"index":"index","follow":"follow","max-snippet":"max-snippet:-1","max-image-preview":"max-image-preview:large","max-video-preview":"max-video-preview:-1"},"canonical":"http:\/\/notisnot.com\/es\/tienda\/ropa-laboral\/industria\/samarretes-industria\/camisetas\/camiseta-day-to-day-mujer\/","og_locale":"es_ES","og_type":"article","og_title":"Camiseta t\u00e8cnica Day To Day mujer - NOT IS NOT","og_description":"Ultrarresistente y lavable a 60\u00b0C.  Colecci\u00f3n Day To Day : ropa profesional para el d\u00eda a d\u00eda.  Ribetes a contraste en hombros y bajo de las mangas. Uniformes de trabajo completos y colores para combinar.","og_url":"http:\/\/notisnot.com\/es\/tienda\/ropa-laboral\/industria\/samarretes-industria\/camisetas\/camiseta-day-to-day-mujer\/","og_site_name":"NOT IS NOT","article_publisher":"https:\/\/www.facebook.com\/notisnotofficial\/","article_modified_time":"2026-02-16T12:15:17+00:00","og_image":[{"width":671,"height":947,"url":"http:\/\/notisnot.com\/wp-content\/uploads\/2025\/01\/Captura-de-pantalla-2025-01-30-120904.png","type":"image\/png"}],"twitter_card":"summary_large_image","twitter_misc":{"Tiempo de lectura":"3 minutos"},"schema":{"@context":"https:\/\/schema.org","@graph":[{"@type":"WebPage","@id":"http:\/\/notisnot.com\/es\/tienda\/ropa-laboral\/industria\/samarretes-industria\/camisetas\/camiseta-day-to-day-mujer\/","url":"http:\/\/notisnot.com\/es\/tienda\/ropa-laboral\/industria\/samarretes-industria\/camisetas\/camiseta-day-to-day-mujer\/","name":"Camiseta t\u00e8cnica Day To Day mujer - NOT IS NOT","isPartOf":{"@id":"https:\/\/notisnot.com\/#website"},"primaryImageOfPage":{"@id":"http:\/\/notisnot.com\/es\/tienda\/ropa-laboral\/industria\/samarretes-industria\/camisetas\/camiseta-day-to-day-mujer\/#primaryimage"},"image":{"@id":"http:\/\/notisnot.com\/es\/tienda\/ropa-laboral\/industria\/samarretes-industria\/camisetas\/camiseta-day-to-day-mujer\/#primaryimage"},"thumbnailUrl":"http:\/\/notisnot.com\/wp-content\/uploads\/2025\/01\/Captura-de-pantalla-2025-01-30-120904.png","datePublished":"2025-01-30T11:16:09+00:00","dateModified":"2026-02-16T12:15:17+00:00","breadcrumb":{"@id":"http:\/\/notisnot.com\/es\/tienda\/ropa-laboral\/industria\/samarretes-industria\/camisetas\/camiseta-day-to-day-mujer\/#breadcrumb"},"inLanguage":"es","potentialAction":[{"@type":"ReadAction","target":["http:\/\/notisnot.com\/es\/tienda\/ropa-laboral\/industria\/samarretes-industria\/camisetas\/camiseta-day-to-day-mujer\/"]}]},{"@type":"ImageObject","inLanguage":"es","@id":"http:\/\/notisnot.com\/es\/tienda\/ropa-laboral\/industria\/samarretes-industria\/camisetas\/camiseta-day-to-day-mujer\/#primaryimage","url":"http:\/\/notisnot.com\/wp-content\/uploads\/2025\/01\/Captura-de-pantalla-2025-01-30-120904.png","contentUrl":"http:\/\/notisnot.com\/wp-content\/uploads\/2025\/01\/Captura-de-pantalla-2025-01-30-120904.png","width":671,"height":947},{"@type":"BreadcrumbList","@id":"http:\/\/notisnot.com\/es\/tienda\/ropa-laboral\/industria\/samarretes-industria\/camisetas\/camiseta-day-to-day-mujer\/#breadcrumb","itemListElement":[{"@type":"ListItem","position":1,"name":"Home","item":"https:\/\/notisnot.com\/"},{"@type":"ListItem","position":2,"name":"Tienda","item":"https:\/\/notisnot.com\/tienda-woocomerce\/"},{"@type":"ListItem","position":3,"name":"Camiseta t\u00e8cnica Day To Day mujer"}]},{"@type":"WebSite","@id":"https:\/\/notisnot.com\/#website","url":"https:\/\/notisnot.com\/","name":"NOT IS NOT","description":"","potentialAction":[{"@type":"SearchAction","target":{"@type":"EntryPoint","urlTemplate":"https:\/\/notisnot.com\/?s={search_term_string}"},"query-input":{"@type":"PropertyValueSpecification","valueRequired":true,"valueName":"search_term_string"}}],"inLanguage":"es"}]}},"_links":{"self":[{"href":"http:\/\/notisnot.com\/es\/wp-json\/wp\/v2\/product\/294499"}],"collection":[{"href":"http:\/\/notisnot.com\/es\/wp-json\/wp\/v2\/product"}],"about":[{"href":"http:\/\/notisnot.com\/es\/wp-json\/wp\/v2\/types\/product"}],"replies":[{"embeddable":true,"href":"http:\/\/notisnot.com\/es\/wp-json\/wp\/v2\/comments?post=294499"}],"wp:featuredmedia":[{"embeddable":true,"href":"http:\/\/notisnot.com\/es\/wp-json\/wp\/v2\/media\/294511"}],"wp:attachment":[{"href":"http:\/\/notisnot.com\/es\/wp-json\/wp\/v2\/media?parent=294499"}],"wp:term":[{"taxonomy":"product_cat","embeddable":true,"href":"http:\/\/notisnot.com\/es\/wp-json\/wp\/v2\/product_cat?post=294499"},{"taxonomy":"product_tag","embeddable":true,"href":"http:\/\/notisnot.com\/es\/wp-json\/wp\/v2\/product_tag?post=294499"}],"curies":[{"name":"wp","href":"https:\/\/api.w.org\/{rel}","templated":true}]}}